{"id":5927,"date":"2024-02-07T13:53:16","date_gmt":"2024-02-07T13:53:16","guid":{"rendered":"http:\/\/www.rozalia-zagnansk.pl\/?page_id=5927"},"modified":"2024-05-11T15:16:29","modified_gmt":"2024-05-11T15:16:29","slug":"kryteria-przynaleznosci","status":"publish","type":"page","link":"https:\/\/www.rozalia-zagnansk.pl\/?page_id=5927","title":{"rendered":"Kryteria przynale\u017cno\u015bci"},"content":{"rendered":"\t\t<div data-elementor-type=\"wp-page\" data-elementor-id=\"5927\" class=\"elementor elementor-5927\" data-elementor-post-type=\"page\">\n\t\t\t\t\t\t<section class=\"elementor-section elementor-top-section elementor-element elementor-element-6444cfba elementor-section-stretched elementor-section-boxed elementor-section-height-default elementor-section-height-default\" data-id=\"6444cfba\" data-element_type=\"section\" data-settings=\"{&quot;stretch_section&quot;:&quot;section-stretched&quot;}\">\n\t\t\t\t\t\t<div class=\"elementor-container elementor-column-gap-default\">\n\t\t\t\t\t<div class=\"elementor-column elementor-col-100 elementor-top-column elementor-element elementor-element-1c9b0e6f\" data-id=\"1c9b0e6f\" data-element_type=\"column\">\n\t\t\t<div class=\"elementor-widget-wrap elementor-element-populated\">\n\t\t\t\t\t\t<div class=\"elementor-element elementor-element-6b654879 elementor-widget elementor-widget-heading\" data-id=\"6b654879\" data-element_type=\"widget\" data-widget_type=\"heading.default\">\n\t\t\t\t<div class=\"elementor-widget-container\">\n\t\t\t\t\t<h2 class=\"elementor-heading-title elementor-size-default\">M\u0119ski \u017bywy R\u00f3\u017caniec<\/h2>\t\t\t\t<\/div>\n\t\t\t\t<\/div>\n\t\t\t\t<div class=\"elementor-element elementor-element-2250b8d6 elementor-widget elementor-widget-html\" data-id=\"2250b8d6\" data-element_type=\"widget\" data-widget_type=\"html.default\">\n\t\t\t\t<div class=\"elementor-widget-container\">\n\t\t\t\t\t<style>\n.page-wrap {\n    padding: 0px !important\n}\n\n.nav-mzr .elementor-row {\n    flex-wrap: wrap;\n}\n\n.nav-mzr .elementor-column {\n    flex: 1 1 25%;\n}\n<\/style>\t\t\t\t<\/div>\n\t\t\t\t<\/div>\n\t\t\t\t<section class=\"elementor-section elementor-inner-section elementor-element elementor-element-6bfb9a38 nav-mzr elementor-section-boxed elementor-section-height-default elementor-section-height-default\" data-id=\"6bfb9a38\" data-element_type=\"section\">\n\t\t\t\t\t\t<div class=\"elementor-container elementor-column-gap-default\">\n\t\t\t\t\t<div class=\"elementor-column elementor-col-14 elementor-inner-column elementor-element elementor-element-5891c5b0\" data-id=\"5891c5b0\" data-element_type=\"column\" data-settings=\"{&quot;background_background&quot;:&quot;classic&quot;}\">\n\t\t\t<div class=\"elementor-widget-wrap elementor-element-populated\">\n\t\t\t\t\t\t<div class=\"elementor-element elementor-element-70ffc66 elementor-widget elementor-widget-heading\" data-id=\"70ffc66\" data-element_type=\"widget\" data-widget_type=\"heading.default\">\n\t\t\t\t<div class=\"elementor-widget-container\">\n\t\t\t\t\t<h4 class=\"elementor-heading-title elementor-size-default\"><a href=\"https:\/\/www.rozalia-zagnansk.pl\/?page_id=5748\">O nas<\/a><\/h4>\t\t\t\t<\/div>\n\t\t\t\t<\/div>\n\t\t\t\t\t<\/div>\n\t\t<\/div>\n\t\t\t\t<div class=\"elementor-column elementor-col-14 elementor-inner-column elementor-element elementor-element-2633e608\" data-id=\"2633e608\" data-element_type=\"column\" data-settings=\"{&quot;background_background&quot;:&quot;classic&quot;}\">\n\t\t\t<div class=\"elementor-widget-wrap elementor-element-populated\">\n\t\t\t\t\t\t<div class=\"elementor-element elementor-element-4e76bb2f elementor-widget elementor-widget-heading\" data-id=\"4e76bb2f\" data-element_type=\"widget\" data-widget_type=\"heading.default\">\n\t\t\t\t<div class=\"elementor-widget-container\">\n\t\t\t\t\t<h4 class=\"elementor-heading-title elementor-size-default\"><a href=\"https:\/\/www.rozalia-zagnansk.pl\/?page_id=5750\">M\u00f3dl si\u0119 z nami<\/a><\/h4>\t\t\t\t<\/div>\n\t\t\t\t<\/div>\n\t\t\t\t\t<\/div>\n\t\t<\/div>\n\t\t\t\t<div class=\"elementor-column elementor-col-14 elementor-inner-column elementor-element elementor-element-b266480\" data-id=\"b266480\" data-element_type=\"column\" data-settings=\"{&quot;background_background&quot;:&quot;classic&quot;}\">\n\t\t\t<div class=\"elementor-widget-wrap elementor-element-populated\">\n\t\t\t\t\t\t<div class=\"elementor-element elementor-element-7b689643 elementor-widget elementor-widget-heading\" data-id=\"7b689643\" data-element_type=\"widget\" data-widget_type=\"heading.default\">\n\t\t\t\t<div class=\"elementor-widget-container\">\n\t\t\t\t\t<h4 class=\"elementor-heading-title elementor-size-default\"><a href=\"https:\/\/www.rozalia-zagnansk.pl\/?page_id=5753\">15 obietnic<\/a><\/h4>\t\t\t\t<\/div>\n\t\t\t\t<\/div>\n\t\t\t\t\t<\/div>\n\t\t<\/div>\n\t\t\t\t<div class=\"elementor-column elementor-col-14 elementor-inner-column elementor-element elementor-element-158bdaf1\" data-id=\"158bdaf1\" data-element_type=\"column\" data-settings=\"{&quot;background_background&quot;:&quot;classic&quot;}\">\n\t\t\t<div class=\"elementor-widget-wrap elementor-element-populated\">\n\t\t\t\t\t\t<div class=\"elementor-element elementor-element-257f0f7 elementor-widget elementor-widget-heading\" data-id=\"257f0f7\" data-element_type=\"widget\" data-widget_type=\"heading.default\">\n\t\t\t\t<div class=\"elementor-widget-container\">\n\t\t\t\t\t<h4 class=\"elementor-heading-title elementor-size-default\"><a href=\"https:\/\/www.rozalia-zagnansk.pl\/?page_id=5756\">Objawienia<\/a><\/h4>\t\t\t\t<\/div>\n\t\t\t\t<\/div>\n\t\t\t\t\t<\/div>\n\t\t<\/div>\n\t\t\t\t<div class=\"elementor-column elementor-col-14 elementor-inner-column elementor-element elementor-element-5aa6a797\" data-id=\"5aa6a797\" data-element_type=\"column\" data-settings=\"{&quot;background_background&quot;:&quot;classic&quot;}\">\n\t\t\t<div class=\"elementor-widget-wrap elementor-element-populated\">\n\t\t\t\t\t\t<div class=\"elementor-element elementor-element-25a8af20 elementor-widget elementor-widget-heading\" data-id=\"25a8af20\" data-element_type=\"widget\" data-widget_type=\"heading.default\">\n\t\t\t\t<div class=\"elementor-widget-container\">\n\t\t\t\t\t<h4 class=\"elementor-heading-title elementor-size-default\"><a href=\"https:\/\/www.rozalia-zagnansk.pl\/?page_id=5897\">Galeria<\/a><\/h4>\t\t\t\t<\/div>\n\t\t\t\t<\/div>\n\t\t\t\t\t<\/div>\n\t\t<\/div>\n\t\t\t\t<div class=\"elementor-column elementor-col-14 elementor-inner-column elementor-element elementor-element-089c0a6 active\" data-id=\"089c0a6\" data-element_type=\"column\" data-settings=\"{&quot;background_background&quot;:&quot;classic&quot;}\">\n\t\t\t<div class=\"elementor-widget-wrap elementor-element-populated\">\n\t\t\t\t\t\t<div class=\"elementor-element elementor-element-ca9aead elementor-widget elementor-widget-heading\" data-id=\"ca9aead\" data-element_type=\"widget\" data-widget_type=\"heading.default\">\n\t\t\t\t<div class=\"elementor-widget-container\">\n\t\t\t\t\t<h4 class=\"elementor-heading-title elementor-size-default\"><a href=\"https:\/\/www.rozalia-zagnansk.pl\/?page_id=5927\">Kryteria przynale\u017cno\u015bci<\/a><\/h4>\t\t\t\t<\/div>\n\t\t\t\t<\/div>\n\t\t\t\t\t<\/div>\n\t\t<\/div>\n\t\t\t\t<div class=\"elementor-column elementor-col-14 elementor-inner-column elementor-element elementor-element-729f0ab\" data-id=\"729f0ab\" data-element_type=\"column\" data-settings=\"{&quot;background_background&quot;:&quot;classic&quot;}\">\n\t\t\t<div class=\"elementor-widget-wrap elementor-element-populated\">\n\t\t\t\t\t\t<div class=\"elementor-element elementor-element-ef5c78f elementor-widget elementor-widget-heading\" data-id=\"ef5c78f\" data-element_type=\"widget\" data-widget_type=\"heading.default\">\n\t\t\t\t<div class=\"elementor-widget-container\">\n\t\t\t\t\t<h4 class=\"elementor-heading-title elementor-size-default\"><a href=\"https:\/\/www.rozalia-zagnansk.pl\/?page_id=5941\">Pierwsze soboty miesi\u0105ca<\/a><\/h4>\t\t\t\t<\/div>\n\t\t\t\t<\/div>\n\t\t\t\t\t<\/div>\n\t\t<\/div>\n\t\t\t\t\t<\/div>\n\t\t<\/section>\n\t\t\t\t\t<\/div>\n\t\t<\/div>\n\t\t\t\t\t<\/div>\n\t\t<\/section>\n\t\t\t\t<section class=\"elementor-section elementor-top-section elementor-element elementor-element-22423a5e elementor-section-stretched elementor-section-boxed elementor-section-height-default elementor-section-height-default\" data-id=\"22423a5e\" data-element_type=\"section\" data-settings=\"{&quot;stretch_section&quot;:&quot;section-stretched&quot;}\">\n\t\t\t\t\t\t<div class=\"elementor-container elementor-column-gap-default\">\n\t\t\t\t\t<div class=\"elementor-column elementor-col-100 elementor-top-column elementor-element elementor-element-6fdfc228\" data-id=\"6fdfc228\" data-element_type=\"column\" data-settings=\"{&quot;background_background&quot;:&quot;classic&quot;}\">\n\t\t\t<div class=\"elementor-widget-wrap elementor-element-populated\">\n\t\t\t\t\t\t<div class=\"elementor-element elementor-element-1d3b101e elementor-widget elementor-widget-text-editor\" data-id=\"1d3b101e\" data-element_type=\"widget\" data-widget_type=\"text-editor.default\">\n\t\t\t\t<div class=\"elementor-widget-container\">\n\t\t\t\t\t\t\t\t\t<p>Statut Stowarzyszenia \u017bywy R\u00f3\u017caniec, zatwierdzony przez Konferencj\u0119 Episkopatu Polski w dniu 22 czerwca 2012 r., okre\u015bla, czym jest ta modlitewna wsp\u00f3lnota, jaka jest jej duchowo\u015b\u0107 i struktura organizacyjna oraz jakie s\u0105 zadania jej cz\u0142onk\u00f3w.<\/p><p>W oparciu o ten statut Zarz\u0105d \u017bywego R\u00f3\u017ca\u0144ca, odpowiadaj\u0105c na pojawiaj\u0105ce si\u0119 pytania, przygotowa\u0142 \u201eKryteria przynale\u017cno\u015bci do \u017bywego R\u00f3\u017ca\u0144ca\u201d. S\u0105 to trzy obszary zaanga\u017cowania cz\u0142onk\u00f3w r\u00f3\u017c r\u00f3\u017ca\u0144cowych: osobisty, wsp\u00f3lnotowy i apostolski.<\/p><p><strong>Osobista modlitwa i formacja<\/strong><\/p><p><em>Cz\u0142onek \u017bywego R\u00f3\u017ca\u0144ca odmawia ka\u017cdego dnia jeden dziesi\u0105tek r\u00f3\u017ca\u0144ca. Modlitw\u0119 \u0142\u0105czy z rozwa\u017caniem tajemnicy r\u00f3\u017ca\u0144cowej. Jedn\u0105 tajemnic\u0119 rozwa\u017ca przez miesi\u0105c, potem zg\u0142\u0119bia nast\u0119pn\u0105.<\/em><\/p><p>Wype\u0142niaj\u0105c to zadanie, stara si\u0119 r\u00f3wnie\u017c o systematyczn\u0105 formacj\u0119. Uczestniczy w \u017cyciu sakramentalnym Ko\u015bcio\u0142a, podejmuje osobist\u0105 lektur\u0119 duchow\u0105, bierze udzia\u0142 w rekolekcjach oraz w innych spotkaniach formacyjnych.<\/p><p><strong>Przynale\u017cno\u015b\u0107 do wsp\u00f3lnoty<\/strong><\/p><p>Istotn\u0105 cech\u0105 \u017bywego R\u00f3\u017ca\u0144ca jest jego wymiar wsp\u00f3lnotowy. Przez \u0142\u0105czno\u015b\u0107 z innymi wzbogaca si\u0119 modlitwa i apostolstwo ka\u017cdego. Nale\u017cy z wielk\u0105 trosk\u0105 dba\u0107 o braterskie wi\u0119zy z cz\u0142onkami r\u00f3\u017c, a tak\u017ce o jedno\u015b\u0107 z szersz\u0105 wsp\u00f3lnot\u0105 wierz\u0105cych i jej pasterzami.<\/p><ul><li><u>Przynale\u017cno\u015b\u0107 do wsp\u00f3lnoty modlitewnej.<\/u> Cz\u0142onek \u017bywego R\u00f3\u017ca\u0144ca nale\u017cy do dwudziestoosobowego zespo\u0142u (r\u00f3\u017ca lub ko\u0142o), kt\u00f3ry jest kierowany i animowany przez zelatora lub zelatork\u0119.<\/li><li>Przynale\u017cno\u015b\u0107 do wsp\u00f3lnoty lokalnej. Najcz\u0119\u015bciej r\u00f3\u017ce pos\u0142uguj\u0105 we wsp\u00f3lnocie parafialnej. Duszpastersk\u0105 opiek\u0119 nad nimi sprawuje proboszcz lub wyznaczony przez niego kap\u0142an. R\u00f3\u017ce, kt\u00f3rych cz\u0142onkowie pochodz\u0105 z r\u00f3\u017cnych parafii, poddaj\u0105 si\u0119 duszpasterskiej opiece kap\u0142ana tej parafii, do kt\u00f3rej nale\u017cy zelator lub zelatorka danej r\u00f3\u017cy.<\/li><li>Udzia\u0142 w spotkaniach wsp\u00f3lnotowych. Cz\u0142onkowie ka\u017cdej r\u00f3\u017cy, w miar\u0119 swoich mo\u017cliwo\u015bci, uczestnicz\u0105 w comiesi\u0119cznych spotkaniach formacyjnych, w czasie kt\u00f3rych dokonuje si\u0119 wymiana tajemnic r\u00f3\u017ca\u0144cowych. Spotkania te gromadz\u0105 cz\u0142onk\u00f3w wszystkich r\u00f3\u017c w ko\u015bciele parafialnym lub odbywaj\u0105 si\u0119 w gronie poszczeg\u00f3lnych r\u00f3\u017c w domach. Wa\u017cnym prze\u017cyciem wsp\u00f3lnotowym s\u0105 r\u00f3wnie\u017c pielgrzymki \u017bywego R\u00f3\u017ca\u0144ca.<\/li><\/ul><p><strong>Zaanga\u017cowanie apostolskie<\/strong><\/p><p>Cz\u0142onkowie \u017bywego R\u00f3\u017ca\u0144ca w\u0142\u0105czaj\u0105 si\u0119 w apostolsk\u0105 pos\u0142ug\u0119 Ko\u015bcio\u0142a. Czyni\u0105 to najpierw przez modlitw\u0119, polecaj\u0105c Bogu intencje wskazane przez Ojca \u015awi\u0119tego, zar\u00f3wno sta\u0142e (pro\u015bba o pok\u00f3j na \u015bwiecie oraz o b\u0142ogos\u0142awie\u0144stwo dla rodzin) czy wskazane na dany miesi\u0105c (papieskie intencje Apostolstwa Modlitwy), jak i te zwi\u0105zane z wa\u017cnymi wydarzeniami dziej\u0105cymi si\u0119 w \u015bwiecie. Swoj\u0105 modlitw\u0105 ogarniaj\u0105 oni r\u00f3wnie\u017c intencje polecone przez biskup\u00f3w i duszpasterzy, a tak\u017ce inne intencje bliskie ich sercu.<\/p><p>Szczeg\u00f3lnym zadaniem apostolskim podejmowanym przez \u017bywy R\u00f3\u017caniec, zgodnie ze wskazaniem za\u0142o\u017cycielki, s\u0142ugi Bo\u017cej Pauliny Jaricot, jest troska o wsparcie misyjnego dzie\u0142a Ko\u015bcio\u0142a. Wraz z modlitw\u0105 cz\u0142onkowie \u017bywego R\u00f3\u017ca\u0144ca sk\u0142adaj\u0105 ofiar\u0119 na cele misyjne.<\/p><p>Apostolska postawa cz\u0142onk\u00f3w r\u00f3\u017c wyra\u017ca si\u0119 r\u00f3wnie\u017c czynnym udzia\u0142em w \u017cyciu wsp\u00f3lnoty parafialnej. Wspieraj\u0105 oni wszystkich duszpasterzy i parafian modlitw\u0105, uczestnicz\u0105 w liturgii i nabo\u017ce\u0144stwach, troszcz\u0105 si\u0119 o chorych i ubogich, pomagaj\u0105 innym lepiej pozna\u0107 i umi\u0142owa\u0107 modlitw\u0119 r\u00f3\u017ca\u0144cow\u0105, anga\u017cuj\u0105 si\u0119 w dzie\u0142a wskazane im przez duszpasterzy.<\/p>\t\t\t\t\t\t\t\t<\/div>\n\t\t\t\t<\/div>\n\t\t\t\t\t<\/div>\n\t\t<\/div>\n\t\t\t\t\t<\/div>\n\t\t<\/section>\n\t\t\t\t<\/div>\n\t\t ","protected":false},"excerpt":{"rendered":"<p>M\u0119ski \u017bywy R\u00f3\u017caniec O nas M\u00f3dl si\u0119 z nami 15 obietnic Objawienia Galeria Kryteria przynale\u017cno\u015bci Pierwsze soboty miesi\u0105ca Statut Stowarzyszenia \u017bywy R\u00f3\u017caniec, [&hellip;]<\/p>\n","protected":false},"author":1,"featured_media":0,"parent":5748,"menu_order":0,"comment_status":"closed","ping_status":"closed","template":"","meta":{"_acf_changed":false,"jetpack_post_was_ever_published":false,"footnotes":""},"class_list":["post-5927","page","type-page","status-publish","hentry"],"acf":[],"jetpack_sharing_enabled":true,"jetpack_shortlink":"https:\/\/wp.me\/Paz7cl-1xB","_links":{"self":[{"href":"https:\/\/www.rozalia-zagnansk.pl\/index.php?rest_route=\/wp\/v2\/pages\/5927","targetHints":{"allow":["GET"]}}],"collection":[{"href":"https:\/\/www.rozalia-zagnansk.pl\/index.php?rest_route=\/wp\/v2\/pages"}],"about":[{"href":"https:\/\/www.rozalia-zagnansk.pl\/index.php?rest_route=\/wp\/v2\/types\/page"}],"author":[{"embeddable":true,"href":"https:\/\/www.rozalia-zagnansk.pl\/index.php?rest_route=\/wp\/v2\/users\/1"}],"replies":[{"embeddable":true,"href":"https:\/\/www.rozalia-zagnansk.pl\/index.php?rest_route=%2Fwp%2Fv2%2Fcomments&post=5927"}],"version-history":[{"count":9,"href":"https:\/\/www.rozalia-zagnansk.pl\/index.php?rest_route=\/wp\/v2\/pages\/5927\/revisions"}],"predecessor-version":[{"id":6236,"href":"https:\/\/www.rozalia-zagnansk.pl\/index.php?rest_route=\/wp\/v2\/pages\/5927\/revisions\/6236"}],"up":[{"embeddable":true,"href":"https:\/\/www.rozalia-zagnansk.pl\/index.php?rest_route=\/wp\/v2\/pages\/5748"}],"wp:attachment":[{"href":"https:\/\/www.rozalia-zagnansk.pl\/index.php?rest_route=%2Fwp%2Fv2%2Fmedia&parent=5927"}],"curies":[{"name":"wp","href":"https:\/\/api.w.org\/{rel}","templated":true}]}}