{"id":7550,"date":"2026-01-21T12:12:19","date_gmt":"2026-01-21T12:12:19","guid":{"rendered":"https:\/\/www.rozalia-zagnansk.pl\/?page_id=7550"},"modified":"2026-01-22T10:31:46","modified_gmt":"2026-01-22T10:31:46","slug":"pietnascie-obietnic-matki-bozej","status":"publish","type":"page","link":"http:\/\/www.rozalia-zagnansk.pl\/?page_id=7550","title":{"rendered":"Pi\u0119tna\u015bcie Obietnic Matki Bo\u017cej"},"content":{"rendered":"\t\t<div data-elementor-type=\"wp-page\" data-elementor-id=\"7550\" class=\"elementor elementor-7550\" data-elementor-post-type=\"page\">\n\t\t\t\t\t\t<section class=\"elementor-section elementor-top-section elementor-element elementor-element-fe994ea elementor-section-boxed elementor-section-height-default elementor-section-height-default\" data-id=\"fe994ea\" data-element_type=\"section\">\n\t\t\t\t\t\t<div class=\"elementor-container elementor-column-gap-default\">\n\t\t\t\t\t<div class=\"elementor-column elementor-col-100 elementor-top-column elementor-element elementor-element-3b9c736\" data-id=\"3b9c736\" data-element_type=\"column\">\n\t\t\t<div class=\"elementor-widget-wrap elementor-element-populated\">\n\t\t\t\t\t\t<div class=\"elementor-element elementor-element-d4449ba elementor-widget elementor-widget-shortcode\" data-id=\"d4449ba\" data-element_type=\"widget\" data-widget_type=\"shortcode.default\">\n\t\t\t\t<div class=\"elementor-widget-container\">\n\t\t\t\t\t\t\t<div class=\"elementor-shortcode\">\t\t<div data-elementor-type=\"section\" data-elementor-id=\"7531\" class=\"elementor elementor-7531\" data-elementor-post-type=\"elementor_library\">\n\t\t\t\t\t<section class=\"elementor-section elementor-top-section elementor-element elementor-element-aec87c5 elementor-section-boxed elementor-section-height-default elementor-section-height-default\" data-id=\"aec87c5\" data-element_type=\"section\">\n\t\t\t\t\t\t<div class=\"elementor-container elementor-column-gap-default\">\n\t\t\t\t\t<div class=\"elementor-column elementor-col-100 elementor-top-column elementor-element elementor-element-42e6d3c\" data-id=\"42e6d3c\" data-element_type=\"column\">\n\t\t\t<div class=\"elementor-widget-wrap elementor-element-populated\">\n\t\t\t\t\t\t<div class=\"elementor-element elementor-element-e120687 elementor-widget elementor-widget-heading\" data-id=\"e120687\" data-element_type=\"widget\" data-widget_type=\"heading.default\">\n\t\t\t\t<div class=\"elementor-widget-container\">\n\t\t\t\t\t<h2 class=\"elementor-heading-title elementor-size-default\">\u017bywy R\u00f3\u017caniec<\/h2>\t\t\t\t<\/div>\n\t\t\t\t<\/div>\n\t\t\t\t\t<\/div>\n\t\t<\/div>\n\t\t\t\t\t<\/div>\n\t\t<\/section>\n\t\t\t\t<section class=\"elementor-section elementor-top-section elementor-element elementor-element-e36db5b elementor-section-boxed elementor-section-height-default elementor-section-height-default\" data-id=\"e36db5b\" data-element_type=\"section\">\n\t\t\t\t\t\t<div class=\"elementor-container elementor-column-gap-default\">\n\t\t\t\t\t<div class=\"elementor-column elementor-col-100 elementor-top-column elementor-element elementor-element-89f0f82\" data-id=\"89f0f82\" data-element_type=\"column\" data-settings=\"{&quot;background_background&quot;:&quot;classic&quot;}\">\n\t\t\t<div class=\"elementor-widget-wrap elementor-element-populated\">\n\t\t\t\t\t\t<div class=\"elementor-element elementor-element-b333e1c elementor-nav-menu__align-center elementor-nav-menu--dropdown-mobile elementor-nav-menu__text-align-aside elementor-widget elementor-widget-nav-menu\" data-id=\"b333e1c\" data-element_type=\"widget\" data-settings=\"{&quot;layout&quot;:&quot;horizontal&quot;,&quot;submenu_icon&quot;:{&quot;value&quot;:&quot;&lt;i class=\\&quot;fas fa-caret-down\\&quot;&gt;&lt;\\\/i&gt;&quot;,&quot;library&quot;:&quot;fa-solid&quot;}}\" data-widget_type=\"nav-menu.default\">\n\t\t\t\t<div class=\"elementor-widget-container\">\n\t\t\t\t\t\t\t\t<nav aria-label=\"Menu\" class=\"elementor-nav-menu--main elementor-nav-menu__container elementor-nav-menu--layout-horizontal e--pointer-background e--animation-fade\">\n\t\t\t\t<ul id=\"menu-1-b333e1c\" class=\"elementor-nav-menu\"><li class=\"menu-item menu-item-type-post_type menu-item-object-page menu-item-7570\"><a href=\"http:\/\/www.rozalia-zagnansk.pl\/?page_id=7536\" class=\"elementor-item\">O nas<\/a><\/li>\n<li class=\"menu-item menu-item-type-post_type menu-item-object-page menu-item-7573\"><a href=\"http:\/\/www.rozalia-zagnansk.pl\/?page_id=7540\" class=\"elementor-item\">M\u00f3dl si\u0119 z nami<\/a><\/li>\n<li class=\"menu-item menu-item-type-post_type menu-item-object-page menu-item-7576\"><a href=\"http:\/\/www.rozalia-zagnansk.pl\/?page_id=7542\" class=\"elementor-item\">Og\u0142oszenia \u017bywego R\u00f3\u017ca\u0144ca<\/a><\/li>\n<li class=\"menu-item menu-item-type-post_type menu-item-object-page menu-item-7572\"><a href=\"http:\/\/www.rozalia-zagnansk.pl\/?page_id=7544\" class=\"elementor-item\">Kryteria przynale\u017cno\u015bci<\/a><\/li>\n<li class=\"menu-item menu-item-type-post_type menu-item-object-page menu-item-7571\"><a href=\"http:\/\/www.rozalia-zagnansk.pl\/?page_id=7546\" class=\"elementor-item\">Galeria<\/a><\/li>\n<li class=\"menu-item menu-item-type-post_type menu-item-object-page menu-item-7575\"><a href=\"http:\/\/www.rozalia-zagnansk.pl\/?page_id=7548\" class=\"elementor-item\">Objawienia Maryjne \u2013 odmawiajcie r\u00f3\u017caniec<\/a><\/li>\n<li class=\"menu-item menu-item-type-post_type menu-item-object-page menu-item-7577\"><a href=\"http:\/\/www.rozalia-zagnansk.pl\/?page_id=7550\" class=\"elementor-item\">Pi\u0119tna\u015bcie Obietnic Matki Bo\u017cej<\/a><\/li>\n<li class=\"menu-item menu-item-type-post_type menu-item-object-page menu-item-7574\"><a href=\"http:\/\/www.rozalia-zagnansk.pl\/?page_id=7552\" class=\"elementor-item\">Nabo\u017ce\u0144stwo Pierwszych Sob\u00f3t<\/a><\/li>\n<\/ul>\t\t\t<\/nav>\n\t\t\t\t\t\t<nav class=\"elementor-nav-menu--dropdown elementor-nav-menu__container\" aria-hidden=\"true\">\n\t\t\t\t<ul id=\"menu-2-b333e1c\" class=\"elementor-nav-menu\"><li class=\"menu-item menu-item-type-post_type menu-item-object-page menu-item-7570\"><a href=\"http:\/\/www.rozalia-zagnansk.pl\/?page_id=7536\" class=\"elementor-item\" tabindex=\"-1\">O nas<\/a><\/li>\n<li class=\"menu-item menu-item-type-post_type menu-item-object-page menu-item-7573\"><a href=\"http:\/\/www.rozalia-zagnansk.pl\/?page_id=7540\" class=\"elementor-item\" tabindex=\"-1\">M\u00f3dl si\u0119 z nami<\/a><\/li>\n<li class=\"menu-item menu-item-type-post_type menu-item-object-page menu-item-7576\"><a href=\"http:\/\/www.rozalia-zagnansk.pl\/?page_id=7542\" class=\"elementor-item\" tabindex=\"-1\">Og\u0142oszenia \u017bywego R\u00f3\u017ca\u0144ca<\/a><\/li>\n<li class=\"menu-item menu-item-type-post_type menu-item-object-page menu-item-7572\"><a href=\"http:\/\/www.rozalia-zagnansk.pl\/?page_id=7544\" class=\"elementor-item\" tabindex=\"-1\">Kryteria przynale\u017cno\u015bci<\/a><\/li>\n<li class=\"menu-item menu-item-type-post_type menu-item-object-page menu-item-7571\"><a href=\"http:\/\/www.rozalia-zagnansk.pl\/?page_id=7546\" class=\"elementor-item\" tabindex=\"-1\">Galeria<\/a><\/li>\n<li class=\"menu-item menu-item-type-post_type menu-item-object-page menu-item-7575\"><a href=\"http:\/\/www.rozalia-zagnansk.pl\/?page_id=7548\" class=\"elementor-item\" tabindex=\"-1\">Objawienia Maryjne \u2013 odmawiajcie r\u00f3\u017caniec<\/a><\/li>\n<li class=\"menu-item menu-item-type-post_type menu-item-object-page menu-item-7577\"><a href=\"http:\/\/www.rozalia-zagnansk.pl\/?page_id=7550\" class=\"elementor-item\" tabindex=\"-1\">Pi\u0119tna\u015bcie Obietnic Matki Bo\u017cej<\/a><\/li>\n<li class=\"menu-item menu-item-type-post_type menu-item-object-page menu-item-7574\"><a href=\"http:\/\/www.rozalia-zagnansk.pl\/?page_id=7552\" class=\"elementor-item\" tabindex=\"-1\">Nabo\u017ce\u0144stwo Pierwszych Sob\u00f3t<\/a><\/li>\n<\/ul>\t\t\t<\/nav>\n\t\t\t\t\t\t<\/div>\n\t\t\t\t<\/div>\n\t\t\t\t\t<\/div>\n\t\t<\/div>\n\t\t\t\t\t<\/div>\n\t\t<\/section>\n\t\t\t\t<\/div>\n\t\t<\/div>\n\t\t\t\t\t\t<\/div>\n\t\t\t\t<\/div>\n\t\t\t\t\t<\/div>\n\t\t<\/div>\n\t\t\t\t\t<\/div>\n\t\t<\/section>\n\t\t\t\t<section class=\"elementor-section elementor-top-section elementor-element elementor-element-75842e7 elementor-section-boxed elementor-section-height-default elementor-section-height-default\" data-id=\"75842e7\" data-element_type=\"section\">\n\t\t\t\t\t\t<div class=\"elementor-container elementor-column-gap-default\">\n\t\t\t\t\t<div class=\"elementor-column elementor-col-100 elementor-top-column elementor-element elementor-element-0077140\" data-id=\"0077140\" data-element_type=\"column\">\n\t\t\t<div class=\"elementor-widget-wrap elementor-element-populated\">\n\t\t\t\t\t\t<div class=\"elementor-element elementor-element-f4743f2 elementor-widget-divider--separator-type-pattern elementor-widget-divider--no-spacing elementor-widget-divider--view-line elementor-widget elementor-widget-divider\" data-id=\"f4743f2\" data-element_type=\"widget\" data-widget_type=\"divider.default\">\n\t\t\t\t<div class=\"elementor-widget-container\">\n\t\t\t\t\t\t\t<div class=\"elementor-divider\" style=\"--divider-pattern-url: url(&quot;data:image\/svg+xml,%3Csvg xmlns=&#039;http:\/\/www.w3.org\/2000\/svg&#039; preserveAspectRatio=&#039;xMidYMid meet&#039; overflow=&#039;visible&#039; height=&#039;100%&#039; viewBox=&#039;0 0 126 26&#039; fill=&#039;black&#039; stroke=&#039;none&#039;%3E%3Cpath d=&#039;M46.8,7.8v11.5L36,18.6V7.8H46.8z M82.4,7.8L84,18.6l-12,0.7L70.4,7.8H82.4z M0,7.8l12,0.9v9.9H1.3L0,7.8z M30,7.8v10.8H19L18,7.8H30z M63.7,7.8L66,18.6H54V9.5L63.7,7.8z M89.8,7L102,7.8v10.8H91.2L89.8,7zM108,7.8l12,0.9v8.9l-12,1V7.8z&#039;\/%3E%3C\/svg%3E&quot;);\">\n\t\t\t<span class=\"elementor-divider-separator\">\n\t\t\t\t\t\t<\/span>\n\t\t<\/div>\n\t\t\t\t\t\t<\/div>\n\t\t\t\t<\/div>\n\t\t\t\t\t<\/div>\n\t\t<\/div>\n\t\t\t\t\t<\/div>\n\t\t<\/section>\n\t\t\t\t<section class=\"elementor-section elementor-top-section elementor-element elementor-element-b356560 elementor-section-boxed elementor-section-height-default elementor-section-height-default\" data-id=\"b356560\" data-element_type=\"section\">\n\t\t\t\t\t\t<div class=\"elementor-container elementor-column-gap-default\">\n\t\t\t\t\t<div class=\"elementor-column elementor-col-100 elementor-top-column elementor-element elementor-element-4838830\" data-id=\"4838830\" data-element_type=\"column\">\n\t\t\t<div class=\"elementor-widget-wrap elementor-element-populated\">\n\t\t\t\t\t\t<div class=\"elementor-element elementor-element-064f3ad elementor-widget elementor-widget-text-editor\" data-id=\"064f3ad\" data-element_type=\"widget\" data-widget_type=\"text-editor.default\">\n\t\t\t\t<div class=\"elementor-widget-container\">\n\t\t\t\t\t\t\t\t\t<p>W roku 1464 Maryja ukaza\u0142a si\u0119 b\u0142. Alanowi Rup (Alain de la Roche), polecaj\u0105c mu propagowa\u0107 r\u00f3\u017caniec i zak\u0142ada\u0107 bractwa r\u00f3\u017ca\u0144cowe. Przekaza\u0142a mu tak\u017ce 15 Obietnic R\u00f3\u017ca\u0144ca \u015awi\u0119tego &#8211; obiecuj\u0105c szczeg\u00f3ln\u0105 ochron\u0119, zwyci\u0119stwo nad z\u0142em, obfite przebaczenie, wytrwanie w \u0142asce i \u017cycie wieczne dla tych, kt\u00f3rzy b\u0119d\u0105 odmawia\u0107 R\u00f3\u017caniec z nabo\u017ce\u0144stwem i rozwa\u017caniem tajemnic dla tych, kt\u00f3rzy b\u0119d\u0105 odmawia\u0107 r\u00f3\u017caniec.<\/p>\t\t\t\t\t\t\t\t<\/div>\n\t\t\t\t<\/div>\n\t\t\t\t\t<\/div>\n\t\t<\/div>\n\t\t\t\t\t<\/div>\n\t\t<\/section>\n\t\t\t\t<section class=\"elementor-section elementor-top-section elementor-element elementor-element-2a38d5f elementor-section-boxed elementor-section-height-default elementor-section-height-default\" data-id=\"2a38d5f\" data-element_type=\"section\">\n\t\t\t\t\t\t<div class=\"elementor-container elementor-column-gap-default\">\n\t\t\t\t\t<div class=\"elementor-column elementor-col-100 elementor-top-column elementor-element elementor-element-891dd83\" data-id=\"891dd83\" data-element_type=\"column\" data-settings=\"{&quot;background_background&quot;:&quot;classic&quot;}\">\n\t\t\t<div class=\"elementor-widget-wrap elementor-element-populated\">\n\t\t\t\t\t\t<div class=\"elementor-element elementor-element-d2d1c46 elementor-widget elementor-widget-html\" data-id=\"d2d1c46\" data-element_type=\"widget\" data-widget_type=\"html.default\">\n\t\t\t\t<div class=\"elementor-widget-container\">\n\t\t\t\t\t<style>\r\n    ol.fifteen-list {\r\n  list-style: none;\r\n  counter-reset: my-awesome-counter;\r\n}\r\nol.fifteen-list li {\r\n  counter-increment: my-awesome-counter;\r\n  text-indent: -1rem;\r\n}\r\nol.fifteen-list li::before {\r\n    font-family: 'Roboto';\r\n  content: counter(my-awesome-counter) \". \";\r\n  color: #0694d1;\r\n  font-weight: 900;\r\n  font-size: 105%;\r\n  width: 20px;\r\n  display: inline-block;\r\n<\/style>\t\t\t\t<\/div>\n\t\t\t\t<\/div>\n\t\t\t\t<div class=\"elementor-element elementor-element-dc5af30 elementor-widget elementor-widget-text-editor\" data-id=\"dc5af30\" data-element_type=\"widget\" data-widget_type=\"text-editor.default\">\n\t\t\t\t<div class=\"elementor-widget-container\">\n\t\t\t\t\t\t\t\t\t<ol class=\"fifteen-list\"><li>Ktokolwiek b\u0119dzie mi s\u0142u\u017cy\u0142 przez odmawianie r\u00f3\u017ca\u0144ca \u015bwi\u0119tego otrzyma wyj\u0105tkowe \u0142aski.<\/li><li>Obiecuj\u0119 moj\u0105 specjaln\u0105 obron\u0119 i najwi\u0119ksze \u0142aski wszystkim tym, kt\u00f3rzy b\u0119d\u0105 odmawia\u0107 r\u00f3\u017caniec.<\/li><li>R\u00f3\u017caniec stanie si\u0119 broni\u0105 przeciw piek\u0142u, zniszczy, pomniejszy grzechy, zwyci\u0119\u017cy heretyk\u00f3w.<\/li><li>Spowoduje on, \u017ce cnoty i dobre dzie\u0142a zakwitn\u0105; otrzyma on od Boga obfite przebaczenie dla dusz; odci\u0105gnie serca ludu od umi\u0142owania \u015bwiata i jego marno\u015bci; podniesie je do po\u017c\u0105dania rzeczy wiecznych.<\/li><li>Dusza, kt\u00f3ra poleci mi si\u0119 przez odmawianie r\u00f3\u017ca\u0144ca, nie zginie.<\/li><li>Ktokolwiek odmawia\u0107 b\u0119dzie pobo\u017cnie r\u00f3\u017caniec \u015bwi\u0119ty, rozwa\u017caj\u0105c r\u00f3wnocze\u015bnie tajemnice \u015bwi\u0119te nie dozna nieszcz\u0119\u015b\u0107, nie do\u015bwiadczy gniewu Bo\u017cego, nie umrze nag\u0142\u0105 \u015bmierci\u0105; nawr\u00f3ci si\u0119, je\u015bli jest grzesznikiem, je\u015bli za\u015b sprawiedliwym \u2013 wytrwa w \u0142asce i osi\u0105gnie \u017cycie wieczne.<\/li><li>Ktokolwiek b\u0119dzie mia\u0142 prawdziwe nabo\u017ce\u0144stwo do r\u00f3\u017ca\u0144ca \u2013 nie umrze bez sakrament\u00f3w Ko\u015bcio\u0142a.<\/li><li>Wierni w odmawianiu r\u00f3\u017ca\u0144ca b\u0119d\u0105 mieli w \u017cyciu i przy \u015bmierci \u015bwiat\u0142o Bo\u017ce i pe\u0142ni\u0119 Jego \u0142aski.<\/li><li>Uwolni\u0119 z czy\u015b\u0107ca tych, kt\u00f3rzy mieli nabo\u017ce\u0144stwo do r\u00f3\u017ca\u0144ca \u015bwi\u0119tego.<\/li><li>Wierne dzieci r\u00f3\u017ca\u0144ca zas\u0142u\u017c\u0105 na wysoki stopie\u0144 chwa\u0142y w niebie.<\/li><li>Otrzymacie wszystko, o co prosicie przez odmawianie r\u00f3\u017ca\u0144ca.<\/li><li>Wszystkich, kt\u00f3rzy rozpowszechniaj\u0105 r\u00f3\u017caniec, b\u0119d\u0119 wspomaga\u0142a w ich potrzebach.<\/li><li>Otrzyma\u0142am od mojego Boskiego Syna obietnic\u0119, \u017ce wszyscy obro\u0144cy r\u00f3\u017ca\u0144ca b\u0119d\u0105 mieli za wstawiennik\u00f3w ca\u0142y Dw\u00f3r Niebieski w czasie \u017cycia i w godzin\u0119 \u015bmierci.<\/li><li>Wszyscy, kt\u00f3rzy odmawiaj\u0105 R\u00f3\u017caniec, s\u0105 moimi synami i bra\u0107mi mojego Jedynego Syna Jezusa Chrystusa.<\/li><li>Nabo\u017ce\u0144stwo do mojego r\u00f3\u017ca\u0144ca jest wielkim znakiem przeznaczenia do nieba.<\/li><\/ol>\t\t\t\t\t\t\t\t<\/div>\n\t\t\t\t<\/div>\n\t\t\t\t\t<\/div>\n\t\t<\/div>\n\t\t\t\t\t<\/div>\n\t\t<\/section>\n\t\t\t\t<\/div>\n\t\t ","protected":false},"excerpt":{"rendered":"<p>W roku 1464 Maryja ukaza\u0142a si\u0119 b\u0142. Alanowi Rup (Alain de la Roche), polecaj\u0105c mu propagowa\u0107 r\u00f3\u017caniec i zak\u0142ada\u0107 bractwa r\u00f3\u017ca\u0144cowe. Przekaza\u0142a [&hellip;]<\/p>\n","protected":false},"author":1,"featured_media":0,"parent":7536,"menu_order":0,"comment_status":"closed","ping_status":"closed","template":"elementor_header_footer","meta":{"_acf_changed":false,"jetpack_post_was_ever_published":false,"footnotes":""},"class_list":["post-7550","page","type-page","status-publish","hentry"],"acf":[],"jetpack_sharing_enabled":true,"jetpack_shortlink":"https:\/\/wp.me\/Paz7cl-1XM","_links":{"self":[{"href":"http:\/\/www.rozalia-zagnansk.pl\/index.php?rest_route=\/wp\/v2\/pages\/7550","targetHints":{"allow":["GET"]}}],"collection":[{"href":"http:\/\/www.rozalia-zagnansk.pl\/index.php?rest_route=\/wp\/v2\/pages"}],"about":[{"href":"http:\/\/www.rozalia-zagnansk.pl\/index.php?rest_route=\/wp\/v2\/types\/page"}],"author":[{"embeddable":true,"href":"http:\/\/www.rozalia-zagnansk.pl\/index.php?rest_route=\/wp\/v2\/users\/1"}],"replies":[{"embeddable":true,"href":"http:\/\/www.rozalia-zagnansk.pl\/index.php?rest_route=%2Fwp%2Fv2%2Fcomments&post=7550"}],"version-history":[{"count":7,"href":"http:\/\/www.rozalia-zagnansk.pl\/index.php?rest_route=\/wp\/v2\/pages\/7550\/revisions"}],"predecessor-version":[{"id":7669,"href":"http:\/\/www.rozalia-zagnansk.pl\/index.php?rest_route=\/wp\/v2\/pages\/7550\/revisions\/7669"}],"up":[{"embeddable":true,"href":"http:\/\/www.rozalia-zagnansk.pl\/index.php?rest_route=\/wp\/v2\/pages\/7536"}],"wp:attachment":[{"href":"http:\/\/www.rozalia-zagnansk.pl\/index.php?rest_route=%2Fwp%2Fv2%2Fmedia&parent=7550"}],"curies":[{"name":"wp","href":"https:\/\/api.w.org\/{rel}","templated":true}]}}