{"id":7544,"date":"2026-01-21T12:11:30","date_gmt":"2026-01-21T12:11:30","guid":{"rendered":"https:\/\/www.rozalia-zagnansk.pl\/?page_id=7544"},"modified":"2026-02-02T00:31:19","modified_gmt":"2026-02-02T00:31:19","slug":"kryteria-przynaleznosci","status":"publish","type":"page","link":"http:\/\/www.rozalia-zagnansk.pl\/?page_id=7544","title":{"rendered":"Kryteria przynale\u017cno\u015bci"},"content":{"rendered":"\t\t<div data-elementor-type=\"wp-page\" data-elementor-id=\"7544\" class=\"elementor elementor-7544\" data-elementor-post-type=\"page\">\n\t\t\t\t\t\t<section class=\"elementor-section elementor-top-section elementor-element elementor-element-040c6e3 elementor-section-boxed elementor-section-height-default elementor-section-height-default\" data-id=\"040c6e3\" data-element_type=\"section\">\n\t\t\t\t\t\t<div class=\"elementor-container elementor-column-gap-default\">\n\t\t\t\t\t<div class=\"elementor-column elementor-col-100 elementor-top-column elementor-element elementor-element-d4a54da\" data-id=\"d4a54da\" data-element_type=\"column\">\n\t\t\t<div class=\"elementor-widget-wrap elementor-element-populated\">\n\t\t\t\t\t\t<div class=\"elementor-element elementor-element-e89f38c elementor-widget elementor-widget-shortcode\" data-id=\"e89f38c\" data-element_type=\"widget\" data-widget_type=\"shortcode.default\">\n\t\t\t\t<div class=\"elementor-widget-container\">\n\t\t\t\t\t\t\t<div class=\"elementor-shortcode\">\t\t<div data-elementor-type=\"section\" data-elementor-id=\"7531\" class=\"elementor elementor-7531\" data-elementor-post-type=\"elementor_library\">\n\t\t\t\t\t<section class=\"elementor-section elementor-top-section elementor-element elementor-element-aec87c5 elementor-section-boxed elementor-section-height-default elementor-section-height-default\" data-id=\"aec87c5\" data-element_type=\"section\">\n\t\t\t\t\t\t<div class=\"elementor-container elementor-column-gap-default\">\n\t\t\t\t\t<div class=\"elementor-column elementor-col-100 elementor-top-column elementor-element elementor-element-42e6d3c\" data-id=\"42e6d3c\" data-element_type=\"column\">\n\t\t\t<div class=\"elementor-widget-wrap elementor-element-populated\">\n\t\t\t\t\t\t<div class=\"elementor-element elementor-element-e120687 elementor-widget elementor-widget-heading\" data-id=\"e120687\" data-element_type=\"widget\" data-widget_type=\"heading.default\">\n\t\t\t\t<div class=\"elementor-widget-container\">\n\t\t\t\t\t<h2 class=\"elementor-heading-title elementor-size-default\">\u017bywy R\u00f3\u017caniec<\/h2>\t\t\t\t<\/div>\n\t\t\t\t<\/div>\n\t\t\t\t\t<\/div>\n\t\t<\/div>\n\t\t\t\t\t<\/div>\n\t\t<\/section>\n\t\t\t\t<section class=\"elementor-section elementor-top-section elementor-element elementor-element-e36db5b elementor-section-boxed elementor-section-height-default elementor-section-height-default\" data-id=\"e36db5b\" data-element_type=\"section\">\n\t\t\t\t\t\t<div class=\"elementor-container elementor-column-gap-default\">\n\t\t\t\t\t<div class=\"elementor-column elementor-col-100 elementor-top-column elementor-element elementor-element-89f0f82\" data-id=\"89f0f82\" data-element_type=\"column\" data-settings=\"{&quot;background_background&quot;:&quot;classic&quot;}\">\n\t\t\t<div class=\"elementor-widget-wrap elementor-element-populated\">\n\t\t\t\t\t\t<div class=\"elementor-element elementor-element-b333e1c elementor-nav-menu__align-center elementor-nav-menu--dropdown-mobile elementor-nav-menu__text-align-aside elementor-widget elementor-widget-nav-menu\" data-id=\"b333e1c\" data-element_type=\"widget\" data-settings=\"{&quot;layout&quot;:&quot;horizontal&quot;,&quot;submenu_icon&quot;:{&quot;value&quot;:&quot;&lt;i class=\\&quot;fas fa-caret-down\\&quot;&gt;&lt;\\\/i&gt;&quot;,&quot;library&quot;:&quot;fa-solid&quot;}}\" data-widget_type=\"nav-menu.default\">\n\t\t\t\t<div class=\"elementor-widget-container\">\n\t\t\t\t\t\t\t\t<nav aria-label=\"Menu\" class=\"elementor-nav-menu--main elementor-nav-menu__container elementor-nav-menu--layout-horizontal e--pointer-background e--animation-fade\">\n\t\t\t\t<ul id=\"menu-1-b333e1c\" class=\"elementor-nav-menu\"><li class=\"menu-item menu-item-type-post_type menu-item-object-page menu-item-7570\"><a href=\"http:\/\/www.rozalia-zagnansk.pl\/?page_id=7536\" class=\"elementor-item\">O nas<\/a><\/li>\n<li class=\"menu-item menu-item-type-post_type menu-item-object-page menu-item-7573\"><a href=\"http:\/\/www.rozalia-zagnansk.pl\/?page_id=7540\" class=\"elementor-item\">M\u00f3dl si\u0119 z nami<\/a><\/li>\n<li class=\"menu-item menu-item-type-post_type menu-item-object-page menu-item-7576\"><a href=\"http:\/\/www.rozalia-zagnansk.pl\/?page_id=7542\" class=\"elementor-item\">Og\u0142oszenia \u017bywego R\u00f3\u017ca\u0144ca<\/a><\/li>\n<li class=\"menu-item menu-item-type-post_type menu-item-object-page menu-item-7572\"><a href=\"http:\/\/www.rozalia-zagnansk.pl\/?page_id=7544\" class=\"elementor-item\">Kryteria przynale\u017cno\u015bci<\/a><\/li>\n<li class=\"menu-item menu-item-type-post_type menu-item-object-page menu-item-7571\"><a href=\"http:\/\/www.rozalia-zagnansk.pl\/?page_id=7546\" class=\"elementor-item\">Galeria<\/a><\/li>\n<li class=\"menu-item menu-item-type-post_type menu-item-object-page menu-item-7575\"><a href=\"http:\/\/www.rozalia-zagnansk.pl\/?page_id=7548\" class=\"elementor-item\">Objawienia Maryjne \u2013 odmawiajcie r\u00f3\u017caniec<\/a><\/li>\n<li class=\"menu-item menu-item-type-post_type menu-item-object-page menu-item-7577\"><a href=\"http:\/\/www.rozalia-zagnansk.pl\/?page_id=7550\" class=\"elementor-item\">Pi\u0119tna\u015bcie Obietnic Matki Bo\u017cej<\/a><\/li>\n<li class=\"menu-item menu-item-type-post_type menu-item-object-page menu-item-7574\"><a href=\"http:\/\/www.rozalia-zagnansk.pl\/?page_id=7552\" class=\"elementor-item\">Nabo\u017ce\u0144stwo Pierwszych Sob\u00f3t<\/a><\/li>\n<\/ul>\t\t\t<\/nav>\n\t\t\t\t\t\t<nav class=\"elementor-nav-menu--dropdown elementor-nav-menu__container\" aria-hidden=\"true\">\n\t\t\t\t<ul id=\"menu-2-b333e1c\" class=\"elementor-nav-menu\"><li class=\"menu-item menu-item-type-post_type menu-item-object-page menu-item-7570\"><a href=\"http:\/\/www.rozalia-zagnansk.pl\/?page_id=7536\" class=\"elementor-item\" tabindex=\"-1\">O nas<\/a><\/li>\n<li class=\"menu-item menu-item-type-post_type menu-item-object-page menu-item-7573\"><a href=\"http:\/\/www.rozalia-zagnansk.pl\/?page_id=7540\" class=\"elementor-item\" tabindex=\"-1\">M\u00f3dl si\u0119 z nami<\/a><\/li>\n<li class=\"menu-item menu-item-type-post_type menu-item-object-page menu-item-7576\"><a href=\"http:\/\/www.rozalia-zagnansk.pl\/?page_id=7542\" class=\"elementor-item\" tabindex=\"-1\">Og\u0142oszenia \u017bywego R\u00f3\u017ca\u0144ca<\/a><\/li>\n<li class=\"menu-item menu-item-type-post_type menu-item-object-page menu-item-7572\"><a href=\"http:\/\/www.rozalia-zagnansk.pl\/?page_id=7544\" class=\"elementor-item\" tabindex=\"-1\">Kryteria przynale\u017cno\u015bci<\/a><\/li>\n<li class=\"menu-item menu-item-type-post_type menu-item-object-page menu-item-7571\"><a href=\"http:\/\/www.rozalia-zagnansk.pl\/?page_id=7546\" class=\"elementor-item\" tabindex=\"-1\">Galeria<\/a><\/li>\n<li class=\"menu-item menu-item-type-post_type menu-item-object-page menu-item-7575\"><a href=\"http:\/\/www.rozalia-zagnansk.pl\/?page_id=7548\" class=\"elementor-item\" tabindex=\"-1\">Objawienia Maryjne \u2013 odmawiajcie r\u00f3\u017caniec<\/a><\/li>\n<li class=\"menu-item menu-item-type-post_type menu-item-object-page menu-item-7577\"><a href=\"http:\/\/www.rozalia-zagnansk.pl\/?page_id=7550\" class=\"elementor-item\" tabindex=\"-1\">Pi\u0119tna\u015bcie Obietnic Matki Bo\u017cej<\/a><\/li>\n<li class=\"menu-item menu-item-type-post_type menu-item-object-page menu-item-7574\"><a href=\"http:\/\/www.rozalia-zagnansk.pl\/?page_id=7552\" class=\"elementor-item\" tabindex=\"-1\">Nabo\u017ce\u0144stwo Pierwszych Sob\u00f3t<\/a><\/li>\n<\/ul>\t\t\t<\/nav>\n\t\t\t\t\t\t<\/div>\n\t\t\t\t<\/div>\n\t\t\t\t\t<\/div>\n\t\t<\/div>\n\t\t\t\t\t<\/div>\n\t\t<\/section>\n\t\t\t\t<\/div>\n\t\t<\/div>\n\t\t\t\t\t\t<\/div>\n\t\t\t\t<\/div>\n\t\t\t\t\t<\/div>\n\t\t<\/div>\n\t\t\t\t\t<\/div>\n\t\t<\/section>\n\t\t\t\t<section class=\"elementor-section elementor-top-section elementor-element elementor-element-9b160d4 elementor-section-boxed elementor-section-height-default elementor-section-height-default\" data-id=\"9b160d4\" data-element_type=\"section\">\n\t\t\t\t\t\t<div class=\"elementor-container elementor-column-gap-default\">\n\t\t\t\t\t<div class=\"elementor-column elementor-col-100 elementor-top-column elementor-element elementor-element-72ffa0c\" data-id=\"72ffa0c\" data-element_type=\"column\">\n\t\t\t<div class=\"elementor-widget-wrap elementor-element-populated\">\n\t\t\t\t\t\t<div class=\"elementor-element elementor-element-aedbfd8 elementor-widget-divider--separator-type-pattern elementor-widget-divider--no-spacing elementor-widget-divider--view-line elementor-widget elementor-widget-divider\" data-id=\"aedbfd8\" data-element_type=\"widget\" data-widget_type=\"divider.default\">\n\t\t\t\t<div class=\"elementor-widget-container\">\n\t\t\t\t\t\t\t<div class=\"elementor-divider\" style=\"--divider-pattern-url: url(&quot;data:image\/svg+xml,%3Csvg xmlns=&#039;http:\/\/www.w3.org\/2000\/svg&#039; preserveAspectRatio=&#039;xMidYMid meet&#039; overflow=&#039;visible&#039; height=&#039;100%&#039; viewBox=&#039;0 0 126 26&#039; fill=&#039;black&#039; stroke=&#039;none&#039;%3E%3Cpath d=&#039;M46.8,7.8v11.5L36,18.6V7.8H46.8z M82.4,7.8L84,18.6l-12,0.7L70.4,7.8H82.4z M0,7.8l12,0.9v9.9H1.3L0,7.8z M30,7.8v10.8H19L18,7.8H30z M63.7,7.8L66,18.6H54V9.5L63.7,7.8z M89.8,7L102,7.8v10.8H91.2L89.8,7zM108,7.8l12,0.9v8.9l-12,1V7.8z&#039;\/%3E%3C\/svg%3E&quot;);\">\n\t\t\t<span class=\"elementor-divider-separator\">\n\t\t\t\t\t\t<\/span>\n\t\t<\/div>\n\t\t\t\t\t\t<\/div>\n\t\t\t\t<\/div>\n\t\t\t\t\t<\/div>\n\t\t<\/div>\n\t\t\t\t\t<\/div>\n\t\t<\/section>\n\t\t\t\t<section class=\"elementor-section elementor-top-section elementor-element elementor-element-0fab26b elementor-section-boxed elementor-section-height-default elementor-section-height-default\" data-id=\"0fab26b\" data-element_type=\"section\">\n\t\t\t\t\t\t<div class=\"elementor-container elementor-column-gap-default\">\n\t\t\t\t\t<div class=\"elementor-column elementor-col-100 elementor-top-column elementor-element elementor-element-65110bc\" data-id=\"65110bc\" data-element_type=\"column\">\n\t\t\t<div class=\"elementor-widget-wrap elementor-element-populated\">\n\t\t\t\t\t\t<div class=\"elementor-element elementor-element-8d83c69 elementor-widget elementor-widget-text-editor\" data-id=\"8d83c69\" data-element_type=\"widget\" data-widget_type=\"text-editor.default\">\n\t\t\t\t<div class=\"elementor-widget-container\">\n\t\t\t\t\t\t\t\t\t<p><strong>STATUT STOWARZYSZENIA \u017bYWY R\u00d3\u017bANIEC<\/strong>, zatwierdzony przez Konferencj\u0119 Episkopatu Polski w dniu 22 czerwca 2012 r. i zatwierdzony w nowym brzmieniu w czasie 393 Zebrania Plenarnego Konferencji Episkopatu Polski w dniu 11 pa\u017adziernika 2022 r. okre\u015bla, czym jest ta modlitewna wsp\u00f3lnota, jaka jest jej duchowo\u015b\u0107 i struktura organizacyjna oraz jakie s\u0105 zadania jej cz\u0142onk\u00f3w. W oparciu o ten statut Zarz\u0105d \u017bywego R\u00f3\u017ca\u0144ca, odpowiadaj\u0105c na pojawiaj\u0105ce si\u0119 pytania, przygotowa\u0142 \u201eKryteria przynale\u017cno\u015bci do \u017bywego R\u00f3\u017ca\u0144ca\u201d. S\u0105 to trzy obszary zaanga\u017cowania cz\u0142onk\u00f3w r\u00f3\u017c r\u00f3\u017ca\u0144cowych: osobisty, wsp\u00f3lnotowy i apostolski.<\/p><p><strong>Osobista modlitwa i formacja<\/strong><\/p><p>Cz\u0142onek \u017bywego R\u00f3\u017ca\u0144ca odmawia ka\u017cdego dnia jeden dziesi\u0105tek r\u00f3\u017ca\u0144ca. Modlitw\u0119 \u0142\u0105czy z rozwa\u017caniem tajemnicy r\u00f3\u017ca\u0144cowej. Jedn\u0105 tajemnic\u0119 rozwa\u017ca przez miesi\u0105c, potem zg\u0142\u0119bia nast\u0119pn\u0105. Wype\u0142niaj\u0105c to zadanie, stara si\u0119 r\u00f3wnie\u017c \u00a0\u00a0\u00a0\u00a0\u00a0\u00a0\u00a0\u00a0\u00a0\u00a0\u00a0\u00a0\u00a0\u00a0\u00a0\u00a0\u00a0\u00a0\u00a0\u00a0\u00a0\u00a0\u00a0\u00a0\u00a0\u00a0\u00a0\u00a0\u00a0\u00a0\u00a0\u00a0\u00a0\u00a0\u00a0\u00a0\u00a0\u00a0\u00a0\u00a0\u00a0\u00a0\u00a0\u00a0\u00a0\u00a0\u00a0o systematyczn\u0105 formacj\u0119. Uczestniczy w \u017cyciu sakramentalnym Ko\u015bcio\u0142a, podejmuje osobist\u0105 lektur\u0119 duchow\u0105, bierze udzia\u0142 w rekolekcjach oraz w innych spotkaniach formacyjnych.<\/p><p><strong>Przynale\u017cno\u015b\u0107 do wsp\u00f3lnoty<\/strong><\/p><p>Istotn\u0105 cech\u0105 \u017bywego R\u00f3\u017ca\u0144ca jest jego wymiar wsp\u00f3lnotowy. Przez\u00a0\u0142\u0105czno\u015b\u0107 z\u00a0innymi wzbogaca si\u0119 modlitwa i\u00a0apostolstwo ka\u017cdego. Nale\u017cy z\u00a0wielk\u0105 trosk\u0105 dba\u0107 o\u00a0braterskie wi\u0119zy z\u00a0cz\u0142onkami r\u00f3\u017c, a\u00a0tak\u017ce o\u00a0jedno\u015b\u0107 z\u00a0szersz\u0105 wsp\u00f3lnot\u0105 wierz\u0105cych i\u00a0jej pasterzami.<\/p><p><em>\u2013 Przynale\u017cno\u015b\u0107 do\u00a0wsp\u00f3lnoty modlitewnej<\/em>. Cz\u0142onek \u017bywego R\u00f3\u017ca\u0144ca nale\u017cy do\u00a0dwudziestoosobowego zespo\u0142u (r\u00f3\u017ca lub ko\u0142o), kt\u00f3ry\u00a0jest kierowany i\u00a0animowany przez\u00a0zelatora lub zelatork\u0119.<\/p><p>\u2013\u00a0<em>Przynale\u017cno\u015b\u0107 do\u00a0wsp\u00f3lnoty lokalnej.<\/em>\u00a0Najcz\u0119\u015bciej r\u00f3\u017ce pos\u0142uguj\u0105 we\u00a0wsp\u00f3lnocie parafialnej. Duszpastersk\u0105 opiek\u0119 nad\u00a0nimi sprawuje proboszcz lub wyznaczony przez\u00a0niego kap\u0142an. R\u00f3\u017ce, kt\u00f3rych\u00a0cz\u0142onkowie pochodz\u0105 z\u00a0r\u00f3\u017cnych parafii, poddaj\u0105 si\u0119 duszpasterskiej opiece kap\u0142ana tej\u00a0parafii, do\u00a0kt\u00f3rej\u00a0nale\u017cy zelator lub zelatorka danej r\u00f3\u017cy.<\/p><p>R\u00f3\u017ce r\u00f3\u017ca\u0144cowe powsta\u0142e w\u00a0przestrzeni internetowej lub w\u00a0inny spos\u00f3b, mog\u0105 by\u0107 w\u0142\u0105czone do\u00a0\u017bywego R\u00f3\u017ca\u0144ca je\u017celi przyjmuj\u0105 jego statut. Inicjator czy\u00a0za\u0142o\u017cyciel takiej r\u00f3\u017cy\/ko\u0142a wsp\u00f3\u0142pracuje z\u00a0proboszczem parafii, do\u00a0kt\u00f3rej\u00a0nale\u017cy.<\/p><p>\u2013\u00a0<em>Udzia\u0142 w\u00a0spotkaniach wsp\u00f3lnotowych.<\/em>\u00a0Cz\u0142onkowie ka\u017cdej r\u00f3\u017cy, w\u00a0miar\u0119 swoich mo\u017cliwo\u015bci, uczestnicz\u0105 w\u00a0comiesi\u0119cznych spotkaniach formacyjnych, w\u00a0czasie kt\u00f3rych\u00a0dokonuje si\u0119 wymiana tajemnic r\u00f3\u017ca\u0144cowych. Spotkania te\u00a0gromadz\u0105 cz\u0142onk\u00f3w wszystkich r\u00f3\u017c w\u00a0ko\u015bciele parafialnym lub odbywaj\u0105 si\u0119 w\u00a0gronie poszczeg\u00f3lnych r\u00f3\u017c w\u00a0domach. Wa\u017cnym prze\u017cyciem wsp\u00f3lnotowym s\u0105\u00a0r\u00f3wnie\u017c pielgrzymki \u017bywego R\u00f3\u017ca\u0144ca.<\/p><p><strong>Zaanga\u017cowanie apostolskie<\/strong><\/p><p>Cz\u0142onkowie \u017bywego R\u00f3\u017ca\u0144ca w\u0142\u0105czaj\u0105 si\u0119 w\u00a0apostolsk\u0105 pos\u0142ug\u0119 Ko\u015bcio\u0142a. Czyni\u0105 to\u00a0najpierw przez\u00a0modlitw\u0119, polecaj\u0105c Bogu intencje wskazane przez\u00a0Ojca \u015awi\u0119tego, zar\u00f3wno sta\u0142e (pro\u015bba o\u00a0pok\u00f3j na\u00a0\u015bwiecie oraz\u00a0o\u00a0b\u0142ogos\u0142awie\u0144stwo dla rodzin) czy\u00a0wskazane na\u00a0dany miesi\u0105c (papieskie intencje Apostolstwa Modlitwy), jak i\u00a0te\u00a0zwi\u0105zane z\u00a0wa\u017cnymi wydarzeniami dziej\u0105cymi si\u0119 w\u00a0\u015bwiecie. Swoj\u0105 modlitw\u0105 ogarniaj\u0105 oni r\u00f3wnie\u017c intencje polecone przez\u00a0biskup\u00f3w i\u00a0duszpasterzy, a\u00a0tak\u017ce inne intencje bliskie ich sercu.<\/p><p>Szczeg\u00f3lnym zadaniem apostolskim podejmowanym przez\u00a0\u017bywy R\u00f3\u017caniec, zgodnie ze\u00a0wskazaniem za\u0142o\u017cycielki, s\u0142ugi Bo\u017cej Pauliny Jaricot, jest troska o\u00a0wsparcie misyjnego dzie\u0142a Ko\u015bcio\u0142a. Wraz z\u00a0modlitw\u0105 cz\u0142onkowie \u017bywego R\u00f3\u017ca\u0144ca sk\u0142adaj\u0105 ofiar\u0119 na\u00a0cele misyjne.<\/p><p>Apostolska postawa cz\u0142onk\u00f3w r\u00f3\u017c wyra\u017ca si\u0119 r\u00f3wnie\u017c czynnym udzia\u0142em w\u00a0\u017cyciu wsp\u00f3lnoty parafialnej. Wspieraj\u0105 oni wszystkich duszpasterzy i\u00a0parafian modlitw\u0105, uczestnicz\u0105 w\u00a0liturgii i\u00a0nabo\u017ce\u0144stwach, troszcz\u0105 si\u0119 o\u00a0chorych i\u00a0ubogich, pomagaj\u0105 innym lepiej pozna\u0107 i\u00a0umi\u0142owa\u0107 modlitw\u0119 r\u00f3\u017ca\u0144cow\u0105, anga\u017cuj\u0105 si\u0119 w\u00a0dzie\u0142a wskazane im\u00a0przez\u00a0duszpasterzy.<\/p><p>Matka Bo\u017ca prosi o odmawianie R\u00f3\u017ca\u0144ca \u015awi\u0119tego we wszystkich swoich objawieniach. W Fatimie oznajmi\u0142a dzieciom, \u017ce jest Kr\u00f3low\u0105 R\u00f3\u017ca\u0144ca \u015awi\u0119tego:\u00a0<strong>\u201ePrzysz\u0142am na ziemi\u0119, aby upomnie\u0107 ludzko\u015b\u0107, aby ludzie wi\u0119cej nie grzeszyli. Niech przestan\u0105 obra\u017ca\u0107 mojego Syna. Niech ludzie odmawiaj\u0105 R\u00f3\u017caniec i niech czyni\u0105 pokut\u0119\u201d.<\/strong><\/p>\t\t\t\t\t\t\t\t<\/div>\n\t\t\t\t<\/div>\n\t\t\t\t\t<\/div>\n\t\t<\/div>\n\t\t\t\t\t<\/div>\n\t\t<\/section>\n\t\t\t\t<section class=\"elementor-section elementor-top-section elementor-element elementor-element-2d0cf75 elementor-section-boxed elementor-section-height-default elementor-section-height-default\" data-id=\"2d0cf75\" data-element_type=\"section\">\n\t\t\t\t\t\t<div class=\"elementor-container elementor-column-gap-default\">\n\t\t\t\t\t<div class=\"elementor-column elementor-col-100 elementor-top-column elementor-element elementor-element-d43c8f5\" data-id=\"d43c8f5\" data-element_type=\"column\" data-settings=\"{&quot;background_background&quot;:&quot;classic&quot;}\">\n\t\t\t<div class=\"elementor-widget-wrap elementor-element-populated\">\n\t\t\t\t\t\t<section class=\"elementor-section elementor-inner-section elementor-element elementor-element-7ec505a elementor-section-boxed elementor-section-height-default elementor-section-height-default\" data-id=\"7ec505a\" data-element_type=\"section\">\n\t\t\t\t\t\t<div class=\"elementor-container elementor-column-gap-default\">\n\t\t\t\t\t<div class=\"elementor-column elementor-col-100 elementor-inner-column elementor-element elementor-element-fa44f44\" data-id=\"fa44f44\" data-element_type=\"column\">\n\t\t\t<div class=\"elementor-widget-wrap elementor-element-populated\">\n\t\t\t\t\t\t<div class=\"elementor-element elementor-element-c1630c1 elementor-widget elementor-widget-heading\" data-id=\"c1630c1\" data-element_type=\"widget\" data-widget_type=\"heading.default\">\n\t\t\t\t<div class=\"elementor-widget-container\">\n\t\t\t\t\t<h3 class=\"elementor-heading-title elementor-size-default\">Zadania i obowi\u0105zki<\/h3>\t\t\t\t<\/div>\n\t\t\t\t<\/div>\n\t\t\t\t\t<\/div>\n\t\t<\/div>\n\t\t\t\t\t<\/div>\n\t\t<\/section>\n\t\t\t\t<div class=\"elementor-element elementor-element-b1c975a elementor-widget elementor-widget-text-editor\" data-id=\"b1c975a\" data-element_type=\"widget\" data-widget_type=\"text-editor.default\">\n\t\t\t\t<div class=\"elementor-widget-container\">\n\t\t\t\t\t\t\t\t\t<p><strong>1. Zadania i obowi\u0105zki cz\u0142onk\u00f3w \u017bywego R\u00f3\u017ca\u0144ca:<\/strong><\/p><p style=\"padding-left: 40px;\"><span style=\"color: #0694d1;\">1)<\/span> codzienne rozwa\u017canie jednej wyznaczonej tajemnicy r\u00f3\u017ca\u0144ca \u015bwi\u0119tego; opuszczenie tej modlitwy nie sprowadza grzechu ci\u0119\u017ckiego;<br \/><span style=\"color: #0694d1;\">2)<\/span> udzia\u0142 w miesi\u0119cznym spotkaniu formacyjnym po\u0142\u0105czonym ze zmian\u0105 tajemnic;<br \/><span style=\"color: #0694d1;\">3)<\/span> uczestnictwo w \u017cyciu sakramentalnym Ko\u015bcio\u0142a;<br \/><span style=\"color: #0694d1;\">4)<\/span> rozszerzanie czci Naj\u015bwi\u0119tszej Maryi Panny przyk\u0142adem \u017cycia i dzia\u0142alno\u015bci\u0105 apostolsk\u0105, zw\u0142aszcza przez krzewienie modlitwy r\u00f3\u017ca\u0144cowej;<br \/><span style=\"color: #0694d1;\">5)<\/span> odwa\u017cne stawanie w obronie wiary;<br \/><span style=\"color: #0694d1;\">6)<\/span> udzia\u0142 w pogrzebie cz\u0142onka \u017bywego R\u00f3\u017ca\u0144ca nale\u017c\u0105cego do tej samej r\u00f3\u017cy (ko\u0142a);<br \/><span style=\"color: #0694d1;\">7)<\/span> kap\u0142ani nale\u017c\u0105cy do Stowarzyszenia ofiarowuj\u0105 raz w roku Ofiar\u0119 Mszy \u015bwi\u0119tej w intencji \u017bywego R\u00f3\u017ca\u0144ca;<br \/><span style=\"color: #0694d1;\">8)<\/span> osoby zakonne ofiarowuj\u0105 w tej samej intencji jedn\u0105 Komuni\u0119 \u015bwi\u0119t\u0105 w roku.<\/p><p>\u00a0<\/p><p><strong>2. Zadania i obowi\u0105zki zelatora\/zelatorki:<\/strong><\/p><p style=\"padding-left: 40px;\"><span style=\"color: #0694d1;\">1)<\/span> troszczy si\u0119 o prawdziwego ducha modlitwy we wsp\u00f3lnocie;<br \/><span style=\"color: #0694d1;\">2)<\/span> czuwa nad pe\u0142nym sk\u0142adem osobowym r\u00f3\u017cy (ko\u0142a) oraz koordynuje comiesi\u0119czn\u0105 wymian\u0119 tajemnic;<br \/><span style=\"color: #0694d1;\">3)<\/span> zach\u0119ca cz\u0142onk\u00f3w do gorliwej dzia\u0142alno\u015bci apostolskiej, zw\u0142aszcza w\u015br\u00f3d chorych i ubogich;<br \/><span style=\"color: #0694d1;\">4)<\/span> utrzymuje sta\u0142\u0105 \u0142\u0105czno\u015b\u0107 mi\u0119dzy kap\u0142anem odpowiedzialnym za \u017bywy R\u00f3\u017caniec a r\u00f3\u017c\u0105 (ko\u0142em) i mi\u0119dzy r\u00f3\u017cami (ko\u0142ami);<br \/><span style=\"color: #0694d1;\">5)<\/span> odwiedza chorych cz\u0142onk\u00f3w r\u00f3\u017cy (ko\u0142a);<br \/><span style=\"color: #0694d1;\">6)<\/span> zbiera sk\u0142adki na Msz\u0119 \u015bwi\u0119t\u0105, dzie\u0142a charytatywne, misje i inne cele.<\/p><p>\u00a0<\/p><p><strong>3. Zadania i obowi\u0105zki moderatora parafialnego:<\/strong><\/p><p style=\"padding-left: 40px;\"><span style=\"color: #0694d1;\">1)<\/span> przyjmuje do \u017bywego R\u00f3\u017ca\u0144ca i prowadzi Parafialn\u0105 Ksi\u0119g\u0119 \u017bywego R\u00f3\u017ca\u0144ca;<br \/><span style=\"color: #0694d1;\">2)<\/span> dba o formacj\u0119 cz\u0142onk\u00f3w \u017bywego R\u00f3\u017ca\u0144ca;<br \/><span style=\"color: #0694d1;\">3)<\/span> prowadzi miesi\u0119czne nabo\u017ce\u0144stwa i podaje intencje na dany miesi\u0105c;<br \/><span style=\"color: #0694d1;\">4)<\/span> zapowiada odpusty r\u00f3\u017ca\u0144cowe;<br \/><span style=\"color: #0694d1;\">5)<\/span> wsp\u00f3\u0142pracuje z moderatorem diecezjalnym;<br \/><span style=\"color: #0694d1;\">6)<\/span> tam, gdzie istnieje Parafialna Rada \u017bywego R\u00f3\u017ca\u0144ca, koordynuje jej prac\u0119, dbaj\u0105c o wsp\u00f3\u0142prac\u0119 wszystkich zelator\u00f3w.<\/p>\t\t\t\t\t\t\t\t<\/div>\n\t\t\t\t<\/div>\n\t\t\t\t\t<\/div>\n\t\t<\/div>\n\t\t\t\t\t<\/div>\n\t\t<\/section>\n\t\t\t\t<\/div>\n\t\t ","protected":false},"excerpt":{"rendered":"<p>STATUT STOWARZYSZENIA \u017bYWY R\u00d3\u017bANIEC, zatwierdzony przez Konferencj\u0119 Episkopatu Polski w dniu 22 czerwca 2012 r. i zatwierdzony w nowym brzmieniu w czasie [&hellip;]<\/p>\n","protected":false},"author":1,"featured_media":0,"parent":7536,"menu_order":0,"comment_status":"closed","ping_status":"closed","template":"elementor_header_footer","meta":{"_acf_changed":false,"jetpack_post_was_ever_published":false,"footnotes":""},"class_list":["post-7544","page","type-page","status-publish","hentry"],"acf":[],"jetpack_sharing_enabled":true,"jetpack_shortlink":"https:\/\/wp.me\/Paz7cl-1XG","_links":{"self":[{"href":"http:\/\/www.rozalia-zagnansk.pl\/index.php?rest_route=\/wp\/v2\/pages\/7544","targetHints":{"allow":["GET"]}}],"collection":[{"href":"http:\/\/www.rozalia-zagnansk.pl\/index.php?rest_route=\/wp\/v2\/pages"}],"about":[{"href":"http:\/\/www.rozalia-zagnansk.pl\/index.php?rest_route=\/wp\/v2\/types\/page"}],"author":[{"embeddable":true,"href":"http:\/\/www.rozalia-zagnansk.pl\/index.php?rest_route=\/wp\/v2\/users\/1"}],"replies":[{"embeddable":true,"href":"http:\/\/www.rozalia-zagnansk.pl\/index.php?rest_route=%2Fwp%2Fv2%2Fcomments&post=7544"}],"version-history":[{"count":25,"href":"http:\/\/www.rozalia-zagnansk.pl\/index.php?rest_route=\/wp\/v2\/pages\/7544\/revisions"}],"predecessor-version":[{"id":7734,"href":"http:\/\/www.rozalia-zagnansk.pl\/index.php?rest_route=\/wp\/v2\/pages\/7544\/revisions\/7734"}],"up":[{"embeddable":true,"href":"http:\/\/www.rozalia-zagnansk.pl\/index.php?rest_route=\/wp\/v2\/pages\/7536"}],"wp:attachment":[{"href":"http:\/\/www.rozalia-zagnansk.pl\/index.php?rest_route=%2Fwp%2Fv2%2Fmedia&parent=7544"}],"curies":[{"name":"wp","href":"https:\/\/api.w.org\/{rel}","templated":true}]}}