{"id":2507,"date":"2020-03-15T23:00:04","date_gmt":"2020-03-15T23:00:04","guid":{"rendered":"http:\/\/www.rozalia-zagnansk.pl\/?page_id=2507"},"modified":"2026-04-26T00:32:08","modified_gmt":"2026-04-26T00:32:08","slug":"zapowiedzi-przedslubne","status":"publish","type":"page","link":"http:\/\/www.rozalia-zagnansk.pl\/?page_id=2507","title":{"rendered":"Zapowiedzi przed\u015blubne"},"content":{"rendered":"<p>&nbsp;<\/p>\n<table>\n<tbody class=\"text-center\">\n<tr>\n<td>\n<div>Piotr Figarski kawaler &#8211; parafia Oro\u0144sko<\/div>\n<\/td>\n<td>\n<p style=\"font-weight: 400;\">Agata Szmidt panna &#8211; parafia tutejsza<\/p>\n<\/td>\n<td>12.04.2026<br \/>\n19.04.2026<br \/>\n26.04.2026<\/td>\n<\/tr>\n<tr>\n<td>\n<div role=\"presentation\">Amadeusz Wiktor \u017bmuda kawaler &#8211;\u00a0 parafia Busko Zdr\u00f3j \u015bw. Brata Alberta<\/div>\n<\/td>\n<td>\n<p style=\"font-weight: 400;\">Katarzyna Maria Sobierajska &#8211; panna par. tutejsza<\/p>\n<\/td>\n<td>26.04.2026<br \/>\n03.05.2026<br \/>\n10.05.2026<\/td>\n<\/tr>\n<tr>\n<td>Dominik Str\u00f3jw\u0105s kawaler &#8211; parafia tutejsza<\/td>\n<td>\n<p style=\"font-weight: 400;\">Aneta Mysli\u0144ska &#8211; panna parafia Wolica Tokarnia<\/p>\n<\/td>\n<td>26.04.2026<br \/>\n03.05.2026<br \/>\n10.05.2026<\/td>\n<\/tr>\n<\/tbody>\n<\/table>\n<p>&nbsp;<\/p>\n<p style=\"text-align: center;\"><strong>Ktokolwiek wiedzia\u0142by o przeszkodach kanonicznych mi\u0119dzy wy\u017cej <\/strong><strong>wymienionymi osobami ma obowi\u0105zek w sumieniu powiadomi\u0107 o tym <\/strong><strong>Kancelari\u0119 Parafii pw. \u015aw. Rozalii \u015aw.<\/strong>\u00a0<strong>Marcina w Zagna\u0144sku.<\/strong><\/p>\n<p>&nbsp;<\/p>\n<h5 style=\"font-size: 75%;\"><strong>Administrator danych osobowych informuje, \u017ce dane osobowe dotycz\u0105ce zapowiedzi przed\u015blubnych zawarte na stronie\u00a0Parafii rzymskokatolickiej pw. \u015aw. Rozalii i \u015aw.<\/strong> <strong>Marcina w Zagna\u0144sku.<\/strong><strong>\u00a0umieszczone zosta\u0142y za zgod\u0105 os\u00f3b, kt\u00f3rych dane dotycz\u0105.\u00a0<\/strong><\/h5>\n ","protected":false},"excerpt":{"rendered":"<p>&nbsp; Piotr Figarski kawaler &#8211; parafia Oro\u0144sko Agata Szmidt panna &#8211; parafia tutejsza 12.04.2026 19.04.2026 26.04.2026 Amadeusz Wiktor \u017bmuda kawaler &#8211;\u00a0 parafia [&hellip;]<\/p>\n","protected":false},"author":1,"featured_media":0,"parent":0,"menu_order":0,"comment_status":"closed","ping_status":"closed","template":"","meta":{"_acf_changed":false,"jetpack_post_was_ever_published":false,"footnotes":""},"class_list":["post-2507","page","type-page","status-publish","hentry"],"acf":[],"jetpack_sharing_enabled":true,"jetpack_shortlink":"https:\/\/wp.me\/Paz7cl-Er","_links":{"self":[{"href":"http:\/\/www.rozalia-zagnansk.pl\/index.php?rest_route=\/wp\/v2\/pages\/2507","targetHints":{"allow":["GET"]}}],"collection":[{"href":"http:\/\/www.rozalia-zagnansk.pl\/index.php?rest_route=\/wp\/v2\/pages"}],"about":[{"href":"http:\/\/www.rozalia-zagnansk.pl\/index.php?rest_route=\/wp\/v2\/types\/page"}],"author":[{"embeddable":true,"href":"http:\/\/www.rozalia-zagnansk.pl\/index.php?rest_route=\/wp\/v2\/users\/1"}],"replies":[{"embeddable":true,"href":"http:\/\/www.rozalia-zagnansk.pl\/index.php?rest_route=%2Fwp%2Fv2%2Fcomments&post=2507"}],"version-history":[{"count":93,"href":"http:\/\/www.rozalia-zagnansk.pl\/index.php?rest_route=\/wp\/v2\/pages\/2507\/revisions"}],"predecessor-version":[{"id":7869,"href":"http:\/\/www.rozalia-zagnansk.pl\/index.php?rest_route=\/wp\/v2\/pages\/2507\/revisions\/7869"}],"wp:attachment":[{"href":"http:\/\/www.rozalia-zagnansk.pl\/index.php?rest_route=%2Fwp%2Fv2%2Fmedia&parent=2507"}],"curies":[{"name":"wp","href":"https:\/\/api.w.org\/{rel}","templated":true}]}}