{"id":1163,"date":"2018-09-28T16:14:43","date_gmt":"2018-09-28T16:14:43","guid":{"rendered":"http:\/\/www.rozalia-zagnansk.pl\/?page_id=1163"},"modified":"2022-09-18T12:24:48","modified_gmt":"2022-09-18T12:24:48","slug":"cmentarz","status":"publish","type":"page","link":"http:\/\/www.rozalia-zagnansk.pl\/?page_id=1163","title":{"rendered":"Cmentarz"},"content":{"rendered":"<h1 style=\"text-align: center;\"><strong><u>Regulamin cmentarza parafialnego<\/u><\/strong><\/h1>\n<p>Ko\u015bci\u00f3\u0142 uwa\u017ca\u0142 zawsze cmentarze, grobowce, jak i poszczeg\u00f3lne mogi\u0142y, gdzie spoczywaj\u0105 cia\u0142a zmar\u0142ych, za miejsca \u015bwi\u0119te. Zgodnie z prawem kanonicznym za miejsca \u015bwi\u0119te uwa\u017ca si\u0119 te, kt\u00f3re przez po\u015bwi\u0119cenie lub b\u0142ogos\u0142awie\u0144stwo, dokonane wed\u0142ug przepis\u00f3w ksi\u0105g liturgicznych, przeznacza si\u0119 do kultu Bo\u017cego lub na grzebanie wiernych (por. kan. 1205 KPK). Cmentarz wi\u0119c pozostaje miejscem ciszy, modlitwy i zadumy. W zwi\u0105zku z powy\u017cszym na cmentarzu nale\u017cy zachowa\u0107 spok\u00f3j i uszanowa\u0107 jego \u015bwi\u0119to\u015b\u0107. Niniejszy Regulamin jest cz\u0119\u015bci\u0105 sk\u0142adow\u0105 Instrukcji Biskupa Kieleckiego <em>w sprawie zarz\u0105dzania cmentarzami parafialnymi(wyznaniowymi) na terenie diecezji kieleckiej<\/em>.<\/p>\n<ol>\n<li>Cmentarz parafialny w Zagna\u0144sku jest cmentarzem wyznaniowym i stanowi w\u0142asno\u015b\u0107 Rzymskokatolickiej Parafii pod wezwaniem \u015bw. Rozalii i \u015bw. Marcina w Zagna\u0144sku, w imieniu \u00a0kt\u00f3rej dzia\u0142a Proboszcz. Czynno\u015bci wynikaj\u0105ce z obowi\u0105zuj\u0105cych akt\u00f3w prawnych dotycz\u0105cych cmentarzy i chowania zmar\u0142ych mo\u017ce on wykonywa\u0107 osobi\u015bcie lub przez Gospodarza, wy\u0142\u0105cznie na podstawie zawartej z nim pisemnej umowy okre\u015blaj\u0105cej zakres powierzonych mu zada\u0144.<\/li>\n<li>Wszelkie formalno\u015bci zwi\u0105zane z funkcjonowaniem cmentarza oraz us\u0142ugami pogrzebowymi dope\u0142nia si\u0119 w kancelarii \u00a0parafialnej parafii p.w. \u015bw. Rozalii i \u015bw. Marcina, znajduj\u0105cej si\u0119 w Zagna\u0144sku przy ul. Jana Paw\u0142a II 14. tel.<\/li>\n<li>Cmentarz czynny jest w \u00a0godzinach: dla odwiedzaj\u0105cych od 06.00 do 22.00. Dla prac na cmentarzu od godz. 08.00 do zmroku.<\/li>\n<li>Osoby przebywaj\u0105ce na cmentarzu zobowi\u0105zane s\u0105 do zachowania ciszy, powagi i szacunku nale\u017cnego zmar\u0142ym oraz dbania o porz\u0105dek i czysto\u015b\u0107<br \/>\nna odwiedzanych grobach i w ich otoczeniu. Dzieci powinny przebywa\u0107 na cmentarzu pod opiek\u0105 os\u00f3b doros\u0142ych.<\/li>\n<li>Na terenie cmentarza obowi\u0105zuje bezwzgl\u0119dny zakaz:\n<ul>\n<li>picia alkoholu i przebywania \u00a0stanie nietrze\u017awym,<\/li>\n<li>palenia wyrob\u00f3w tytoniowych,<\/li>\n<li>jazdy pojazdami jedno\u015bladowymi (rowery),<\/li>\n<li>wprowadzania zwierz\u0105t,<\/li>\n<li>przebywania na jego terenie poza godzinami otwarcia,<\/li>\n<li>niszczenia zieleni i infrastruktury cmentarza,<\/li>\n<li>wyrzucania \u015bmieci poza miejscami do tego przeznaczonymi,<\/li>\n<li>zabudowy grobu wykraczaj\u0105cej poza powierzchni\u0119 miejsca grzebalnego,<\/li>\n<li>samowolnego ustawiania \u0142awek, tzw. \u201eambonek\u201d, ogrodze\u0144, sadzenia drzew i krzew\u00f3w; podj\u0119cie takich dzia\u0142a\u0144 bez uzyskania zgody Parafii b\u0119dzie skutkowa\u0107 przywr\u00f3ceniem stanu pierwotnego poprzez usuni\u0119cie bezprawnie ustawionych \u0142awek posadzonych drzew, krzew\u00f3w itp.,<\/li>\n<li>samowolnego wykonywania prac budowlanych.<\/li>\n<\/ul>\n<\/li>\n<li>Dysponenci prawa do grobu oraz miejsc obj\u0119tych rezerwacj\u0105 na miejsca grzebalne, winni dba\u0107 o nale\u017cyty wygl\u0105d tych miejsc wraz z otoczeniem, utrzymywa\u0107 czysto\u015b\u0107, \u0142ad i porz\u0105dek, a tak\u017ce dba\u0107 o stan techniczny nagrobka. Dysponent\u00f3w zach\u0119ca si\u0119 do indywidualnego ubezpieczenia nagrobk\u00f3w.<\/li>\n<li>Za udost\u0119pnienie miejsca pod gr\u00f3b (w tym rezerwacj\u0119 miejsca pod gr\u00f3b) pobiera si\u0119 op\u0142aty. Op\u0142aty pobiera si\u0119 tak\u017ce na utrzymanie infrastruktury cmentarza. S\u0105 to tzw. op\u0142aty cmentarne. Uiszcza si\u0119 je co 20 lat. Po 20 latach nale\u017cy odnowi\u0107 rezerwacj\u0119 miejsca.<\/li>\n<li>Pobiera si\u0119 r\u00f3wnie\u017c op\u0142aty za korzystanie z cmentarza tj. np.: w celu wykonania: nagrobka (pomnika), grobu ziemnego, katakumby, dekowania, prac remontowych przy nagrobkach. Koniecznym jest uzgodni\u0107 z Gospodarzem cmentarza tel. 534 654 652; zakres rob\u00f3t na cmentarzu minimum dzie\u0144 wcze\u015bniej.<\/li>\n<li>Wysoko\u015b\u0107 op\u0142at cmentarnych oraz op\u0142at za korzystanie z cmentarza z uwzgl\u0119dnieniem koszt\u00f3w utrzymania cmentarza ustala Parafia po konsultacjach z Rad\u0105 Parafialn\u0105.<\/li>\n<li>Informacja o wysoko\u015bci op\u0142at \u00a0okre\u015blonych w pkt. 7 i 8 jest dost\u0119pna w kancelarii parafialnej.<\/li>\n<li>Wszystkie op\u0142aty o kt\u00f3rych mowa w pkt 7 i 8 wynikaj\u0105 z koszt\u00f3w funkcjonowania\u00a0 i utrzymania cmentarza oraz plan\u00f3w inwestycyjnych.<\/li>\n<li>Ksi\u0105dz w kancelarii parafialnej lub ( Gospodarz cmentarza dotyczy pkt. 8, ) potwierdza ten fakt ka\u017cdorazowo odpowiednim dokumentem.<\/li>\n<li>Parafia podaje osobie, kt\u00f3rej udost\u0119pniono miejsce pod gr\u00f3b wymiary tego grobu, zgodnie z rozporz\u0105dzeniem Ministra Infrastruktury z dnia 7 marca 2008 r. w sprawie wymaga\u0144, jakie musz\u0105 spe\u0142nia\u0107 cmentarze, groby i inne miejsca poch\u00f3wk\u00f3w zw\u0142ok \u00a0\u00a0i szcz\u0105tk\u00f3w (Dz.U. 2008. 48. 284).<\/li>\n<li>Parafia nie ponosi odpowiedzialno\u015bci za szkody wyrz\u0105dzone przez firmy \u015bwiadcz\u0105ce us\u0142ugi pogrzebowe, kamieniarskie, budowlane.<\/li>\n<li>Parafia nie ponosi odpowiedzialno\u015bci za szkody na grobach powsta\u0142e na skutek kl\u0119sk \u017cywio\u0142owych, kradzie\u017cy i akt\u00f3w wandalizmu oraz za rzeczy pozostawione bez nadzoru. Ubezpieczenia poszczeg\u00f3lnych obiekt\u00f3w cmentarnych (grobowc\u00f3w, pomnik\u00f3w) od akt\u00f3w wandalizmu, przypadkowego uszkodzenia lub zniszczenia mog\u0105 dokonywa\u0107 indywidualnie osoby sprawuj\u0105ce nad nimi piecz\u0119.<\/li>\n<li>Nale\u017cy uzyska\u0107 zgod\u0119 Parafii w celu dokonania nast\u0119puj\u0105cych czynno\u015bci na cmentarzu:\n<ul>\n<li>przeprowadzenia pogrzebu,<\/li>\n<li>wykonywania prac kamieniarskich, budowlanych i prowadzenia dzia\u0142alno\u015bci handlowej,<\/li>\n<li>sadzenia oraz usuwania drzew i \u00a0krzew\u00f3w, niszczenia element\u00f3w wystroju i malowania mur\u00f3w\/ogrodze\u0144,<\/li>\n<li>umieszczania reklam,<\/li>\n<li>gromadzenia \u015bmieci i odpad\u00f3w w miejscach do tego nieprzeznaczonych,<\/li>\n<li>utwardzania gruntu wok\u00f3\u0142 miejsc grzebalnych,<\/li>\n<li>ustawiania przy grobach \u0142awek na sta\u0142e utwierdzonych do pod\u0142o\u017ca.<\/li>\n<\/ul>\n<\/li>\n<li>Przyj\u0119cie zw\u0142ok do pochowania na cmentarzu nast\u0119puje po przedstawieniu przez uprawnion\u0105 osob\u0119 \/podmiot wymaganych przepisami prawa dokument\u00f3w.<\/li>\n<li>Wykonawcy us\u0142ug pogrzebowych, kamieniarskich, budowlanych na terenie cmentarza zobowi\u0105zani s\u0105 do \u00a0zachowania czci wobec os\u00f3b zmar\u0142ych oraz powagi miejsca kultu religijnego, w szczeg\u00f3lno\u015bci swoimi dzia\u0142aniami nie mog\u0105 zak\u0142\u00f3ca\u0107 przebiegu uroczysto\u015bci pogrzebowych.<\/li>\n<li>Wykonawcy us\u0142ug pogrzebowych, kamieniarskich, budowlanych zobowi\u0105zani s\u0105 do posiadania ubezpieczenia odpowiedzialno\u015bci cywilnej oraz s\u0105 zobowi\u0105zani do przestrzegania przepis\u00f3w prawa w zakresie \u015bwiadczonych us\u0142ug oraz niniejszego regulaminu.<\/li>\n<li>Wykonawcy us\u0142ug pogrzebowych, kamieniarskich, budowlanych zobowi\u0105zani s\u0105 przedstawi\u0107 Parafii przed przyst\u0105pieniem do wykonywania tych us\u0142ug odpowiedni wypis z rejestru w zwi\u0105zku z prowadzon\u0105 dzia\u0142alno\u015bci\u0105 gospodarcz\u0105 oraz \u00a0polis\u0119 OC.<\/li>\n<li>Wykonawcy us\u0142ug pogrzebowych, kamieniarskich, budowlanych ponosz\u0105 wy\u0142\u0105czn\u0105 odpowiedzialno\u015b\u0107 za dzia\u0142ania i zaniechania swoich pracownik\u00f3w realizuj\u0105cych czynno\u015bci na \u00a0terenie cmentarza.<\/li>\n<li>W sprawach, kt\u00f3rych nie reguluje niniejszy regulamin, zastosowanie maj\u0105: Instrukcja Biskupa Kieleckiego <em>w sprawie zarz\u0105dzania cmentarzami parafialnymi (wyznaniowymi) na terenie diecezji kieleckiej<\/em> oraz obowi\u0105zuj\u0105ce przepisy prawa w tym zakresie, w szczeg\u00f3lno\u015bci ustawa z dnia 31 stycznia 1959 r. <em>o cmentarzach \u00a0i chowaniu zmar\u0142ych (t.j. 2015.2126<\/em>).<\/li>\n<li>Regulamin wchodzi w \u017cycie z dniem 01.08.2022 r.<\/li>\n<\/ol>\n<p><a href=\"http:\/\/www.rozalia-zagnansk.pl\/wp-content\/uploads\/2022\/09\/Regulamin-cmentarz-parafialny-2022.pdf\">Pobierz &#8211; Regulamin cmentarz parafialny<\/a><\/p>\n ","protected":false},"excerpt":{"rendered":"<p>Regulamin cmentarza parafialnego Ko\u015bci\u00f3\u0142 uwa\u017ca\u0142 zawsze cmentarze, grobowce, jak i poszczeg\u00f3lne mogi\u0142y, gdzie spoczywaj\u0105 cia\u0142a zmar\u0142ych, za miejsca \u015bwi\u0119te. Zgodnie z prawem [&hellip;]<\/p>\n","protected":false},"author":1,"featured_media":0,"parent":0,"menu_order":0,"comment_status":"closed","ping_status":"closed","template":"","meta":{"_acf_changed":false,"jetpack_post_was_ever_published":false,"footnotes":""},"class_list":["post-1163","page","type-page","status-publish","hentry"],"acf":[],"jetpack_sharing_enabled":true,"jetpack_shortlink":"https:\/\/wp.me\/Paz7cl-iL","_links":{"self":[{"href":"http:\/\/www.rozalia-zagnansk.pl\/index.php?rest_route=\/wp\/v2\/pages\/1163","targetHints":{"allow":["GET"]}}],"collection":[{"href":"http:\/\/www.rozalia-zagnansk.pl\/index.php?rest_route=\/wp\/v2\/pages"}],"about":[{"href":"http:\/\/www.rozalia-zagnansk.pl\/index.php?rest_route=\/wp\/v2\/types\/page"}],"author":[{"embeddable":true,"href":"http:\/\/www.rozalia-zagnansk.pl\/index.php?rest_route=\/wp\/v2\/users\/1"}],"replies":[{"embeddable":true,"href":"http:\/\/www.rozalia-zagnansk.pl\/index.php?rest_route=%2Fwp%2Fv2%2Fcomments&post=1163"}],"version-history":[{"count":7,"href":"http:\/\/www.rozalia-zagnansk.pl\/index.php?rest_route=\/wp\/v2\/pages\/1163\/revisions"}],"predecessor-version":[{"id":4924,"href":"http:\/\/www.rozalia-zagnansk.pl\/index.php?rest_route=\/wp\/v2\/pages\/1163\/revisions\/4924"}],"wp:attachment":[{"href":"http:\/\/www.rozalia-zagnansk.pl\/index.php?rest_route=%2Fwp%2Fv2%2Fmedia&parent=1163"}],"curies":[{"name":"wp","href":"https:\/\/api.w.org\/{rel}","templated":true}]}}